{"id":7777,"date":"2023-09-04T03:48:11","date_gmt":"2023-09-04T01:48:11","guid":{"rendered":"https:\/\/staging.digitalfarmers.be\/conditions\/"},"modified":"2025-07-08T13:19:06","modified_gmt":"2025-07-08T11:19:06","slug":"conditions","status":"publish","type":"page","link":"https:\/\/staging.digitalfarmers.be\/fr\/conditions\/","title":{"rendered":"Conditions"},"content":{"rendered":"\t\t<div data-elementor-type=\"wp-page\" data-elementor-id=\"7777\" class=\"elementor elementor-7777 elementor-4258\" data-elementor-post-type=\"page\">\n\t\t\t\t<div class=\"elementor-element elementor-element-9dcdae9 e-flex e-con-boxed e-con e-parent\" data-id=\"9dcdae9\" data-element_type=\"container\">\n\t\t\t\t\t<div class=\"e-con-inner\">\n\t\t<div class=\"elementor-element elementor-element-a97acfe e-con-full e-flex e-con e-child\" data-id=\"a97acfe\" data-element_type=\"container\">\n\t\t\t\t<\/div>\n\t\t<div class=\"elementor-element elementor-element-b78e8b0 e-con-full e-flex e-con e-child\" data-id=\"b78e8b0\" data-element_type=\"container\">\n\t\t\t\t<div class=\"elementor-element elementor-element-a45b3b7 elementor-widget elementor-widget-heading\" data-id=\"a45b3b7\" data-element_type=\"widget\" data-widget_type=\"heading.default\">\n\t\t\t\t<div class=\"elementor-widget-container\">\n\t\t\t\t\t<h2 class=\"elementor-heading-title elementor-size-default\">Conditions g\u00e9n\u00e9rales d'utilisation<\/h2>\t\t\t\t<\/div>\n\t\t\t\t<\/div>\n\t\t\t\t<div class=\"elementor-element elementor-element-db701e8 elementor-widget elementor-widget-heading\" data-id=\"db701e8\" data-element_type=\"widget\" data-widget_type=\"heading.default\">\n\t\t\t\t<div class=\"elementor-widget-container\">\n\t\t\t\t\t<h2 class=\"elementor-heading-title elementor-size-default\">Introduction<\/h2>\t\t\t\t<\/div>\n\t\t\t\t<\/div>\n\t\t<div class=\"elementor-element elementor-element-3eb4df3 e-flex e-con-boxed e-con e-child\" data-id=\"3eb4df3\" data-element_type=\"container\">\n\t\t\t\t\t<div class=\"e-con-inner\">\n\t\t\t\t<div class=\"elementor-element elementor-element-144ee71 elementor-widget elementor-widget-text-editor\" data-id=\"144ee71\" data-element_type=\"widget\" data-widget_type=\"text-editor.default\">\n\t\t\t\t<div class=\"elementor-widget-container\">\n\t\t\t\t\t\t\t\t\t<p>Digital Farmers BV, op\u00e9rant sous le nom de \u00ab\u00a0Digital Farmers\u00a0\u00bb (ci-apr\u00e8s \u00ab\u00a0Digital Farmers\u00a0\u00bb, \u00ab\u00a0nous\u00a0\u00bb ou \u00ab\u00a0notre\u00a0\u00bb), est une personne morale belge, \u00e9tablie \u00e0 Boekenberglei 18\/5, cinqui\u00e8me \u00e9tage, 2100 Deurne, Belgique, num\u00e9ro d&rsquo;entreprise 0677.938.443. Les pr\u00e9sentes conditions g\u00e9n\u00e9rales s&rsquo;appliquent \u00e0 tout contrat conclu entre Digital Farmers et le client. <\/p>\t\t\t\t\t\t\t\t<\/div>\n\t\t\t\t<\/div>\n\t\t\t\t\t<\/div>\n\t\t\t\t<\/div>\n\t\t<div class=\"elementor-element elementor-element-d3a84ec e-flex e-con-boxed e-con e-child\" data-id=\"d3a84ec\" data-element_type=\"container\">\n\t\t\t\t\t<div class=\"e-con-inner\">\n\t\t\t\t<div class=\"elementor-element elementor-element-c0f1400 elementor-widget elementor-widget-heading\" data-id=\"c0f1400\" data-element_type=\"widget\" data-widget_type=\"heading.default\">\n\t\t\t\t<div class=\"elementor-widget-container\">\n\t\t\t\t\t<h2 class=\"elementor-heading-title elementor-size-default\">1. Pr\u00e9paration de la mission<\/h2>\t\t\t\t<\/div>\n\t\t\t\t<\/div>\n\t\t\t\t<div class=\"elementor-element elementor-element-7fc330d elementor-widget elementor-widget-text-editor\" data-id=\"7fc330d\" data-element_type=\"widget\" data-widget_type=\"text-editor.default\">\n\t\t\t\t<div class=\"elementor-widget-container\">\n\t\t\t\t\t\t\t\t\t<p>1.1. Digital Farmers fera une offre valable pendant 14 jours \u00e0 la demande du client.<br>1.2. L&rsquo;acceptation peut \u00eatre explicite ou implicite par communication \u00e9crite ou orale.<br>1.3. Les modifications de la mission ne sont valables que si elles ont \u00e9t\u00e9 convenues par \u00e9crit par les deux parties.<br>1.4. En cas d&rsquo;annulation, le client reste responsable de toutes les obligations de paiement, y compris les avances d\u00e9j\u00e0 vers\u00e9es, qui ne sont jamais remboursables.   <\/p>\t\t\t\t\t\t\t\t<\/div>\n\t\t\t\t<\/div>\n\t\t\t\t\t<\/div>\n\t\t\t\t<\/div>\n\t\t<div class=\"elementor-element elementor-element-eae8a0a e-flex e-con-boxed e-con e-child\" data-id=\"eae8a0a\" data-element_type=\"container\">\n\t\t\t\t\t<div class=\"e-con-inner\">\n\t\t\t\t<div class=\"elementor-element elementor-element-706141c elementor-widget elementor-widget-heading\" data-id=\"706141c\" data-element_type=\"widget\" data-widget_type=\"heading.default\">\n\t\t\t\t<div class=\"elementor-widget-container\">\n\t\t\t\t\t<h2 class=\"elementor-heading-title elementor-size-default\">2. Ex\u00e9cution de la mission<\/h2>\t\t\t\t<\/div>\n\t\t\t\t<\/div>\n\t\t\t\t<div class=\"elementor-element elementor-element-d19e5e9 elementor-widget elementor-widget-text-editor\" data-id=\"d19e5e9\" data-element_type=\"widget\" data-widget_type=\"text-editor.default\">\n\t\t\t\t<div class=\"elementor-widget-container\">\n\t\t\t\t\t\t\t\t\t<p>2.1. L&rsquo;ex\u00e9cution se fera selon les normes de l&rsquo;industrie et les technologies r\u00e9centes. Digital Farmers conserve sa libert\u00e9 de cr\u00e9ation dans le cadre de la mission.<br>2.2. Le client recevra un cycle de r\u00e9vision jusqu&rsquo;\u00e0 10 jours apr\u00e8s la livraison. Tout commentaire suppl\u00e9mentaire sera factur\u00e9 au taux de 75 \u20ac\/heure.<br>2.3. Le client doit coop\u00e9rer activement en fournissant en temps utile les commentaires et les informations n\u00e9cessaires. Les retards dus \u00e0 la n\u00e9gligence du client peuvent entra\u00eener des co\u00fbts suppl\u00e9mentaires.     <\/p>\t\t\t\t\t\t\t\t<\/div>\n\t\t\t\t<\/div>\n\t\t\t\t\t<\/div>\n\t\t\t\t<\/div>\n\t\t<div class=\"elementor-element elementor-element-b030482 e-flex e-con-boxed e-con e-child\" data-id=\"b030482\" data-element_type=\"container\">\n\t\t\t\t\t<div class=\"e-con-inner\">\n\t\t\t\t<div class=\"elementor-element elementor-element-9c89c9f elementor-widget elementor-widget-heading\" data-id=\"9c89c9f\" data-element_type=\"widget\" data-widget_type=\"heading.default\">\n\t\t\t\t<div class=\"elementor-widget-container\">\n\t\t\t\t\t<h2 class=\"elementor-heading-title elementor-size-default\">3. Services d'h\u00e9bergement et renouvellement tacite<\/h2>\t\t\t\t<\/div>\n\t\t\t\t<\/div>\n\t\t\t\t<div class=\"elementor-element elementor-element-250dee1 elementor-widget elementor-widget-text-editor\" data-id=\"250dee1\" data-element_type=\"widget\" data-widget_type=\"text-editor.default\">\n\t\t\t\t<div class=\"elementor-widget-container\">\n\t\t\t\t\t\t\t\t\t<p>3.1. Nos packs d&rsquo;h\u00e9bergement se renouvellent automatiquement sauf si le client donne un avis \u00e9crit de r\u00e9siliation au moins 45 jours avant la date d&rsquo;expiration.<br>3.2. Sans notification de r\u00e9siliation dans les d\u00e9lais, les frais de renouvellement sont automatiquement factur\u00e9s.<br>3.3. Apr\u00e8s le renouvellement, la r\u00e9siliation n&rsquo;est plus possible et les remboursements sont exclus. Le client reste responsable de l&rsquo;exactitude de ses donn\u00e9es d&rsquo;utilisateur dans notre base de donn\u00e9es, accessible via <a href=\"https:\/\/my.digitalfarmers.be\/login\" target=\"_new\" rel=\"noopener\">my.digitalfarmers.be\/login<\/a>.   <\/p>\t\t\t\t\t\t\t\t<\/div>\n\t\t\t\t<\/div>\n\t\t\t\t\t<\/div>\n\t\t\t\t<\/div>\n\t\t<div class=\"elementor-element elementor-element-807e187 e-flex e-con-boxed e-con e-child\" data-id=\"807e187\" data-element_type=\"container\">\n\t\t\t\t\t<div class=\"e-con-inner\">\n\t\t\t\t<div class=\"elementor-element elementor-element-04a3034 elementor-widget elementor-widget-heading\" data-id=\"04a3034\" data-element_type=\"widget\" data-widget_type=\"heading.default\">\n\t\t\t\t<div class=\"elementor-widget-container\">\n\t\t\t\t\t<h2 class=\"elementor-heading-title elementor-size-default\">4. Noms de domaine et gestion<\/h2>\t\t\t\t<\/div>\n\t\t\t\t<\/div>\n\t\t\t\t<div class=\"elementor-element elementor-element-909daa2 elementor-widget elementor-widget-text-editor\" data-id=\"909daa2\" data-element_type=\"widget\" data-widget_type=\"text-editor.default\">\n\t\t\t\t<div class=\"elementor-widget-container\">\n\t\t\t\t\t\t\t\t\t<p>4.1. Digital Farmers g\u00e8re l&rsquo;enregistrement et le renouvellement des noms de domaine, mais le client reste responsable de la notification en temps utile des changements ou des annulations.<br>4.2. Tous les frais relatifs aux noms de domaine sont factur\u00e9s \u00e0 l&rsquo;avance. En cas de perte due \u00e0 des instructions incorrectes ou \u00e0 une annulation tardive par le client, aucun remboursement ne sera effectu\u00e9.  <\/p>\t\t\t\t\t\t\t\t<\/div>\n\t\t\t\t<\/div>\n\t\t\t\t\t<\/div>\n\t\t\t\t<\/div>\n\t\t<div class=\"elementor-element elementor-element-f690d6c e-flex e-con-boxed e-con e-child\" data-id=\"f690d6c\" data-element_type=\"container\">\n\t\t\t\t\t<div class=\"e-con-inner\">\n\t\t\t\t<div class=\"elementor-element elementor-element-4bc0e65 elementor-widget elementor-widget-heading\" data-id=\"4bc0e65\" data-element_type=\"widget\" data-widget_type=\"heading.default\">\n\t\t\t\t<div class=\"elementor-widget-container\">\n\t\t\t\t\t<h2 class=\"elementor-heading-title elementor-size-default\">5. Taux et paiements<\/h2>\t\t\t\t<\/div>\n\t\t\t\t<\/div>\n\t\t\t\t<div class=\"elementor-element elementor-element-46dc27f elementor-widget elementor-widget-text-editor\" data-id=\"46dc27f\" data-element_type=\"widget\" data-widget_type=\"text-editor.default\">\n\t\t\t\t<div class=\"elementor-widget-container\">\n\t\t\t\t\t\t\t\t\t<p>5.1. Tous les frais s&rsquo;entendent hors TVA.<br>5.2. Les factures doivent \u00eatre pay\u00e9es dans les 14 jours. Tout retard de paiement entra\u00eenera des int\u00e9r\u00eats de retard de 10 % par mois et des frais administratifs de 40 \u20ac.<br>5.3. En cas de non-paiement, Digital Farmers se r\u00e9serve le droit d&rsquo;interrompre temporairement les services ou de mettre le site web hors ligne jusqu&rsquo;\u00e0 ce que le paiement soit re\u00e7u.   <\/p>\t\t\t\t\t\t\t\t<\/div>\n\t\t\t\t<\/div>\n\t\t\t\t\t<\/div>\n\t\t\t\t<\/div>\n\t\t<div class=\"elementor-element elementor-element-ae022f4 e-flex e-con-boxed e-con e-child\" data-id=\"ae022f4\" data-element_type=\"container\">\n\t\t\t\t\t<div class=\"e-con-inner\">\n\t\t\t\t<div class=\"elementor-element elementor-element-063f25d elementor-widget elementor-widget-heading\" data-id=\"063f25d\" data-element_type=\"widget\" data-widget_type=\"heading.default\">\n\t\t\t\t<div class=\"elementor-widget-container\">\n\t\t\t\t\t<h2 class=\"elementor-heading-title elementor-size-default\">6. Droits de propri\u00e9t\u00e9 intellectuelle<\/h2>\t\t\t\t<\/div>\n\t\t\t\t<\/div>\n\t\t\t\t<div class=\"elementor-element elementor-element-82ea6a5 elementor-widget elementor-widget-text-editor\" data-id=\"82ea6a5\" data-element_type=\"widget\" data-widget_type=\"text-editor.default\">\n\t\t\t\t<div class=\"elementor-widget-container\">\n\t\t\t\t\t\t\t\t\t<p>6.1. Le client acquiert les droits de propri\u00e9t\u00e9 intellectuelle du projet d\u00e8s le paiement int\u00e9gral de tous les montants dus.<br>6.2. Digital Farmers conserve les droits de propri\u00e9t\u00e9 sur toutes les technologies, routines et syst\u00e8mes sous-jacents qui n&rsquo;ont pas \u00e9t\u00e9 d\u00e9velopp\u00e9s sp\u00e9cifiquement pour le client. <\/p>\t\t\t\t\t\t\t\t<\/div>\n\t\t\t\t<\/div>\n\t\t\t\t\t<\/div>\n\t\t\t\t<\/div>\n\t\t<div class=\"elementor-element elementor-element-7627dde e-flex e-con-boxed e-con e-child\" data-id=\"7627dde\" data-element_type=\"container\">\n\t\t\t\t\t<div class=\"e-con-inner\">\n\t\t\t\t<div class=\"elementor-element elementor-element-d0f8e04 elementor-widget elementor-widget-heading\" data-id=\"d0f8e04\" data-element_type=\"widget\" data-widget_type=\"heading.default\">\n\t\t\t\t<div class=\"elementor-widget-container\">\n\t\t\t\t\t<h2 class=\"elementor-heading-title elementor-size-default\">7. Dur\u00e9e et r\u00e9siliation de l'accord<\/h2>\t\t\t\t<\/div>\n\t\t\t\t<\/div>\n\t\t\t\t<div class=\"elementor-element elementor-element-cbf072d elementor-widget elementor-widget-text-editor\" data-id=\"cbf072d\" data-element_type=\"widget\" data-widget_type=\"text-editor.default\">\n\t\t\t\t<div class=\"elementor-widget-container\">\n\t\t\t\t\t\t\t\t\t<p>7.1. Les accords \u00e0 dur\u00e9e d\u00e9termin\u00e9e font l&rsquo;objet d&rsquo;une reconduction tacite, sauf d\u00e9nonciation \u00e9crite 45 jours avant la date d&rsquo;expiration.<br>7.2. Les accords \u00e0 dur\u00e9e ind\u00e9termin\u00e9e sont soumis \u00e0 un d\u00e9lai de pr\u00e9avis de trois (3) mois.<br>7.3. La rupture du contrat par l&rsquo;une ou l&rsquo;autre des parties peut entra\u00eener la r\u00e9siliation imm\u00e9diate de l&rsquo;accord.  <\/p>\t\t\t\t\t\t\t\t<\/div>\n\t\t\t\t<\/div>\n\t\t\t\t\t<\/div>\n\t\t\t\t<\/div>\n\t\t<div class=\"elementor-element elementor-element-e39829f e-flex e-con-boxed e-con e-child\" data-id=\"e39829f\" data-element_type=\"container\">\n\t\t\t\t\t<div class=\"e-con-inner\">\n\t\t\t\t<div class=\"elementor-element elementor-element-af83a90 elementor-widget elementor-widget-heading\" data-id=\"af83a90\" data-element_type=\"widget\" data-widget_type=\"heading.default\">\n\t\t\t\t<div class=\"elementor-widget-container\">\n\t\t\t\t\t<h2 class=\"elementor-heading-title elementor-size-default\">8. Responsabilit\u00e9<\/h2>\t\t\t\t<\/div>\n\t\t\t\t<\/div>\n\t\t\t\t<div class=\"elementor-element elementor-element-d6c7753 elementor-widget elementor-widget-text-editor\" data-id=\"d6c7753\" data-element_type=\"widget\" data-widget_type=\"text-editor.default\">\n\t\t\t\t<div class=\"elementor-widget-container\">\n\t\t\t\t\t\t\t\t\t<p>8.1. Les agriculteurs num\u00e9riques ne sont responsables que des dommages directs r\u00e9sultant d&rsquo;erreurs graves ou r\u00e9p\u00e9t\u00e9es.<br>8.2. Nous ne sommes pas responsables des dommages indirects, y compris les dommages cons\u00e9cutifs, le manque \u00e0 gagner ou la perte de donn\u00e9es. <\/p>\t\t\t\t\t\t\t\t<\/div>\n\t\t\t\t<\/div>\n\t\t\t\t\t<\/div>\n\t\t\t\t<\/div>\n\t\t<div class=\"elementor-element elementor-element-2bbe50a e-flex e-con-boxed e-con e-child\" data-id=\"2bbe50a\" data-element_type=\"container\">\n\t\t\t\t\t<div class=\"e-con-inner\">\n\t\t\t\t<div class=\"elementor-element elementor-element-db70acd elementor-widget elementor-widget-heading\" data-id=\"db70acd\" data-element_type=\"widget\" data-widget_type=\"heading.default\">\n\t\t\t\t<div class=\"elementor-widget-container\">\n\t\t\t\t\t<h2 class=\"elementor-heading-title elementor-size-default\">9. La confidentialit\u00e9<\/h2>\t\t\t\t<\/div>\n\t\t\t\t<\/div>\n\t\t\t\t<div class=\"elementor-element elementor-element-37cb127 elementor-widget elementor-widget-text-editor\" data-id=\"37cb127\" data-element_type=\"widget\" data-widget_type=\"text-editor.default\">\n\t\t\t\t<div class=\"elementor-widget-container\">\n\t\t\t\t\t\t\t\t\t<p>9.1. Les deux parties s&rsquo;engagent \u00e0 pr\u00e9server la confidentialit\u00e9 de toute information d\u00e9coulant de l&rsquo;accord, \u00e0 moins qu&rsquo;elle ne soit accessible au public.<\/p>\t\t\t\t\t\t\t\t<\/div>\n\t\t\t\t<\/div>\n\t\t\t\t\t<\/div>\n\t\t\t\t<\/div>\n\t\t<div class=\"elementor-element elementor-element-057d4bd e-flex e-con-boxed e-con e-child\" data-id=\"057d4bd\" data-element_type=\"container\">\n\t\t\t\t\t<div class=\"e-con-inner\">\n\t\t\t\t<div class=\"elementor-element elementor-element-8aec903 elementor-widget elementor-widget-heading\" data-id=\"8aec903\" data-element_type=\"widget\" data-widget_type=\"heading.default\">\n\t\t\t\t<div class=\"elementor-widget-container\">\n\t\t\t\t\t<h2 class=\"elementor-heading-title elementor-size-default\">10. Choix de la loi et de la juridiction comp\u00e9tente<\/h2>\t\t\t\t<\/div>\n\t\t\t\t<\/div>\n\t\t\t\t<div class=\"elementor-element elementor-element-1fa5b08 elementor-widget elementor-widget-text-editor\" data-id=\"1fa5b08\" data-element_type=\"widget\" data-widget_type=\"text-editor.default\">\n\t\t\t\t<div class=\"elementor-widget-container\">\n\t\t\t\t\t\t\t\t\t<p>10.1. Les pr\u00e9sentes conditions g\u00e9n\u00e9rales sont r\u00e9gies par le droit belge.<br>10.2. En cas de litige, les deux parties chercheront d&rsquo;abord une solution \u00e0 l&rsquo;amiable. Le cas \u00e9ch\u00e9ant, seuls les tribunaux d&rsquo;Anvers sont comp\u00e9tents.  <\/p>\t\t\t\t\t\t\t\t<\/div>\n\t\t\t\t<\/div>\n\t\t\t\t<div class=\"elementor-element elementor-element-5c8966d elementor-widget elementor-widget-heading\" data-id=\"5c8966d\" data-element_type=\"widget\" data-widget_type=\"heading.default\">\n\t\t\t\t<div class=\"elementor-widget-container\">\n\t\t\t\t\t<h2 class=\"elementor-heading-title elementor-size-default\">11. Dispositions finales<\/h2>\t\t\t\t<\/div>\n\t\t\t\t<\/div>\n\t\t\t\t<div class=\"elementor-element elementor-element-5031756 elementor-widget elementor-widget-text-editor\" data-id=\"5031756\" data-element_type=\"widget\" data-widget_type=\"text-editor.default\">\n\t\t\t\t<div class=\"elementor-widget-container\">\n\t\t\t\t\t\t\t\t\t<p>11.1. Si l&rsquo;une des dispositions des pr\u00e9sentes conditions g\u00e9n\u00e9rales est jug\u00e9e nulle ou inapplicable, les autres dispositions resteront pleinement en vigueur.<br>11.2. Les pr\u00e9sentes conditions g\u00e9n\u00e9rales peuvent \u00eatre modifi\u00e9es. La version la plus r\u00e9cente est toujours disponible sur <a href=\"https:\/\/staging.digitalfarmers.be\/fr\/\" target=\"_new\" rel=\"noopener\">digitalfarmers.be\/conditions<\/a>.  <\/p>\t\t\t\t\t\t\t\t<\/div>\n\t\t\t\t<\/div>\n\t\t\t\t<div class=\"elementor-element elementor-element-d084492 elementor-widget elementor-widget-heading\" data-id=\"d084492\" data-element_type=\"widget\" data-widget_type=\"heading.default\">\n\t\t\t\t<div class=\"elementor-widget-container\">\n\t\t\t\t\t<h2 class=\"elementor-heading-title elementor-size-default\">Contact et assistance<\/h2>\t\t\t\t<\/div>\n\t\t\t\t<\/div>\n\t\t\t\t<div class=\"elementor-element elementor-element-2307b3a elementor-widget elementor-widget-text-editor\" data-id=\"2307b3a\" data-element_type=\"widget\" data-widget_type=\"text-editor.default\">\n\t\t\t\t<div class=\"elementor-widget-container\">\n\t\t\t\t\t\t\t\t\t<p>Si vous avez des questions concernant ces conditions g\u00e9n\u00e9rales, n&rsquo;h\u00e9sitez pas \u00e0 nous contacter \u00e0 l&rsquo;adresse suivante <a href=\"mailto:support@staging.digitalfarmers.be\">: support@staging.digitalfarmers.be<\/a><\/p>\t\t\t\t\t\t\t\t<\/div>\n\t\t\t\t<\/div>\n\t\t\t\t\t<\/div>\n\t\t\t\t<\/div>\n\t\t\t\t<\/div>\n\t\t<div class=\"elementor-element elementor-element-b642a5b e-con-full e-flex e-con e-child\" data-id=\"b642a5b\" data-element_type=\"container\">\n\t\t\t\t<\/div>\n\t\t\t\t\t<\/div>\n\t\t\t\t<\/div>\n\t\t<div class=\"elementor-element elementor-element-d585ead e-flex e-con-boxed e-con e-parent\" data-id=\"d585ead\" data-element_type=\"container\">\n\t\t\t\t\t<div class=\"e-con-inner\">\n\t\t\t\t\t<\/div>\n\t\t\t\t<\/div>\n\t\t\t\t<\/div>\n\t\t","protected":false},"excerpt":{"rendered":"<p>Conditions g\u00e9n\u00e9rales d&rsquo;utilisation Introduction Digital Farmers BV, op\u00e9rant sous le nom de \u00ab\u00a0Digital Farmers\u00a0\u00bb (ci-apr\u00e8s \u00ab\u00a0Digital Farmers\u00a0\u00bb, \u00ab\u00a0nous\u00a0\u00bb ou \u00ab\u00a0notre\u00a0\u00bb), est une personne morale belge, \u00e9tablie \u00e0 Boekenberglei 18\/5, cinqui\u00e8me \u00e9tage, 2100 Deurne, Belgique, num\u00e9ro d&rsquo;entreprise 0677.938.443. Les pr\u00e9sentes conditions g\u00e9n\u00e9rales s&rsquo;appliquent \u00e0 tout contrat conclu entre Digital Farmers et le client. 1. Pr\u00e9paration de [&hellip;]<\/p>\n","protected":false},"author":1,"featured_media":0,"parent":0,"menu_order":0,"comment_status":"closed","ping_status":"closed","template":"elementor_header_footer","meta":{"_acf_changed":false,"inline_featured_image":false,"footnotes":""},"class_list":["post-7777","page","type-page","status-publish","hentry"],"acf":[],"_links":{"self":[{"href":"https:\/\/staging.digitalfarmers.be\/fr\/wp-json\/wp\/v2\/pages\/7777","targetHints":{"allow":["GET"]}}],"collection":[{"href":"https:\/\/staging.digitalfarmers.be\/fr\/wp-json\/wp\/v2\/pages"}],"about":[{"href":"https:\/\/staging.digitalfarmers.be\/fr\/wp-json\/wp\/v2\/types\/page"}],"author":[{"embeddable":true,"href":"https:\/\/staging.digitalfarmers.be\/fr\/wp-json\/wp\/v2\/users\/1"}],"replies":[{"embeddable":true,"href":"https:\/\/staging.digitalfarmers.be\/fr\/wp-json\/wp\/v2\/comments?post=7777"}],"version-history":[{"count":1,"href":"https:\/\/staging.digitalfarmers.be\/fr\/wp-json\/wp\/v2\/pages\/7777\/revisions"}],"predecessor-version":[{"id":7778,"href":"https:\/\/staging.digitalfarmers.be\/fr\/wp-json\/wp\/v2\/pages\/7777\/revisions\/7778"}],"wp:attachment":[{"href":"https:\/\/staging.digitalfarmers.be\/fr\/wp-json\/wp\/v2\/media?parent=7777"}],"curies":[{"name":"wp","href":"https:\/\/api.w.org\/{rel}","templated":true}]}}